{"id":1883,"date":"2024-10-14T21:30:35","date_gmt":"2024-10-14T21:30:35","guid":{"rendered":"https:\/\/alzugroup.com\/?page_id=1883"},"modified":"2024-10-18T15:07:47","modified_gmt":"2024-10-18T15:07:47","slug":"catalogo","status":"publish","type":"page","link":"https:\/\/alzugroup.com\/es\/catalogo\/","title":{"rendered":"Cat\u00e1logo"},"content":{"rendered":"\t\t<div data-elementor-type=\"wp-page\" data-elementor-id=\"1883\" class=\"elementor elementor-1883\">\n\t\t\t\t<div data-ka-cursor-size=\"1\" class=\"elementor-element elementor-element-f49a461 e-con-full e-flex wpr-particle-no wpr-jarallax-no wpr-parallax-no wpr-sticky-section-no wpr-equal-height-no e-con e-parent\" data-id=\"f49a461\" data-element_type=\"container\" data-e-type=\"container\" data-settings=\"{&quot;kng_cursor_interaction&quot;:&quot;default&quot;,&quot;kng_cursor_magnetic&quot;:&quot;none&quot;,&quot;kng_cursor_size_multiplier&quot;:{&quot;unit&quot;:&quot;px&quot;,&quot;size&quot;:1,&quot;sizes&quot;:[]}}\">\n\t\t\t\t<div data-ka-cursor-size=\"1\" class=\"elementor-element elementor-element-28f9f6b elementor-widget__width-inherit animated-slow elementor-invisible elementor-widget elementor-widget-image\" data-id=\"28f9f6b\" data-element_type=\"widget\" data-e-type=\"widget\" data-settings=\"{&quot;_animation&quot;:&quot;fadeIn&quot;,&quot;kng_cursor_interaction&quot;:&quot;default&quot;,&quot;kng_cursor_magnetic&quot;:&quot;none&quot;,&quot;kng_cursor_size_multiplier&quot;:{&quot;unit&quot;:&quot;px&quot;,&quot;size&quot;:1,&quot;sizes&quot;:[]}}\" data-widget_type=\"image.default\">\n\t\t\t\t<div class=\"elementor-widget-container\">\n\t\t\t\t\t\t\t\t\t\t\t\t\t\t\t<img fetchpriority=\"high\" decoding=\"async\" width=\"4096\" height=\"2048\" src=\"https:\/\/alzugroup.com\/wp-content\/uploads\/2024\/10\/Group-88.png\" class=\"attachment-full size-full wp-image-1467\" alt=\"\" \/>\t\t\t\t\t\t\t\t\t\t\t\t\t\t\t<\/div>\n\t\t\t\t<\/div>\n\t\t\t\t<\/div>\n\t\t<div data-ka-cursor-size=\"1\" class=\"elementor-element elementor-element-412dbac e-flex e-con-boxed wpr-particle-no wpr-jarallax-no wpr-parallax-no wpr-sticky-section-no wpr-equal-height-no e-con e-parent\" data-id=\"412dbac\" data-element_type=\"container\" data-e-type=\"container\" data-settings=\"{&quot;kng_cursor_interaction&quot;:&quot;default&quot;,&quot;kng_cursor_magnetic&quot;:&quot;none&quot;,&quot;kng_cursor_size_multiplier&quot;:{&quot;unit&quot;:&quot;px&quot;,&quot;size&quot;:1,&quot;sizes&quot;:[]}}\">\n\t\t\t\t\t<div class=\"e-con-inner\">\n\t\t\t\t<div data-ka-cursor-size=\"1\" class=\"elementor-element elementor-element-91be184 wpr-grid-columns-3 wpr-grid-columns--laptop3 wpr-grid-columns--tablet2 wpr-grid-columns--mobile1 wpr-grid-pagination-center wpr-item-styles-inner elementor-widget elementor-widget-wpr-woo-grid\" data-id=\"91be184\" data-element_type=\"widget\" data-e-type=\"widget\" data-settings=\"{&quot;kng_cursor_interaction&quot;:&quot;default&quot;,&quot;kng_cursor_magnetic&quot;:&quot;none&quot;,&quot;kng_cursor_size_multiplier&quot;:{&quot;unit&quot;:&quot;px&quot;,&quot;size&quot;:1,&quot;sizes&quot;:[]}}\" data-widget_type=\"wpr-woo-grid.default\">\n\t\t\t\t<div class=\"elementor-widget-container\">\n\t\t\t\t\t<ul class=\"wpr-grid-filters elementor-clearfix wpr-grid-filters-sep-right\"><li class=\" wpr-pointer-none wpr-pointer-line-fx wpr-pointer-fx-none\"><span data-filter=\"*\" class=\"wpr-active-filter \">Todos<\/span><em class=\"wpr-grid-filters-sep\"><\/em><\/li><li class=\" wpr-pointer-none wpr-pointer-line-fx wpr-pointer-fx-none wpr-hidden-element\"><span  data-ajax-filter=[\"product_cat\",\"sin-categorizar\"] data-filter=\".product_cat-sin-categorizar\">Sin categorizar<\/span><em class=\"wpr-grid-filters-sep\"><\/em><\/li><li class=\" wpr-pointer-none wpr-pointer-line-fx wpr-pointer-fx-none wpr-hidden-element\"><span  data-ajax-filter=[\"product_cat\",\"malanga\"] data-filter=\".product_cat-malanga\">Malanga<\/span><em class=\"wpr-grid-filters-sep\"><\/em><\/li><li class=\" wpr-pointer-none wpr-pointer-line-fx wpr-pointer-fx-none wpr-hidden-element\"><span  data-ajax-filter=[\"product_cat\",\"platano-maduro\"] data-filter=\".product_cat-platano-maduro\">Pl\u00e1tano Maduro<\/span><em class=\"wpr-grid-filters-sep\"><\/em><\/li><li class=\" wpr-pointer-none wpr-pointer-line-fx wpr-pointer-fx-none wpr-hidden-element\"><span  data-ajax-filter=[\"product_cat\",\"platano-salado\"] data-filter=\".product_cat-platano-salado\">Pl\u00e1tano Salado<\/span><em class=\"wpr-grid-filters-sep\"><\/em><\/li><li class=\" wpr-pointer-none wpr-pointer-line-fx wpr-pointer-fx-none wpr-hidden-element\"><span  data-ajax-filter=[\"product_cat\",\"platanos\"] data-filter=\".product_cat-platanos\">Pl\u00e1tanos<\/span><em class=\"wpr-grid-filters-sep\"><\/em><\/li><li class=\" wpr-pointer-none wpr-pointer-line-fx wpr-pointer-fx-none wpr-hidden-element\"><span  data-ajax-filter=[\"product_cat\",\"treats\"] data-filter=\".product_cat-treats\">Treats<\/span><em class=\"wpr-grid-filters-sep\"><\/em><\/li><li class=\" wpr-pointer-none wpr-pointer-line-fx wpr-pointer-fx-none wpr-hidden-element\"><span  data-ajax-filter=[\"product_cat\",\"yuca\"] data-filter=\".product_cat-yuca\">yuca<\/span><em class=\"wpr-grid-filters-sep\"><\/em><\/li><\/ul><section class=\"wpr-grid elementor-clearfix\" data-settings=\"{&quot;layout&quot;:&quot;fitRows&quot;,&quot;stick_last_element_to_bottom&quot;:&quot;&quot;,&quot;columns_desktop&quot;:3,&quot;gutter_hr&quot;:20,&quot;gutter_hr_mobile&quot;:20,&quot;gutter_hr_mobile_extra&quot;:20,&quot;gutter_hr_tablet&quot;:20,&quot;gutter_hr_tablet_extra&quot;:20,&quot;gutter_hr_laptop&quot;:20,&quot;gutter_hr_widescreen&quot;:20,&quot;gutter_vr&quot;:30,&quot;gutter_vr_mobile&quot;:30,&quot;gutter_vr_mobile_extra&quot;:30,&quot;gutter_vr_tablet&quot;:30,&quot;gutter_vr_tablet_extra&quot;:30,&quot;gutter_vr_laptop&quot;:30,&quot;gutter_vr_widescreen&quot;:30,&quot;animation&quot;:&quot;zoom&quot;,&quot;animation_duration&quot;:0.3,&quot;animation_delay&quot;:0.1,&quot;deeplinking&quot;:&quot;&quot;,&quot;filters_linkable&quot;:&quot;no&quot;,&quot;filters_default_filter&quot;:&quot;&quot;,&quot;filters_count&quot;:&quot;&quot;,&quot;filters_hide_empty&quot;:&quot;yes&quot;,&quot;filters_animation&quot;:&quot;default&quot;,&quot;filters_animation_duration&quot;:0.3,&quot;filters_animation_delay&quot;:0.1,&quot;pagination_type&quot;:&quot;load-more&quot;,&quot;pagination_max_pages&quot;:3,&quot;query_posts_per_page&quot;:9,&quot;lightbox&quot;:{&quot;selector&quot;:&quot;.wpr-grid-image-wrap&quot;,&quot;iframeMaxWidth&quot;:&quot;60%&quot;,&quot;hash&quot;:false,&quot;autoplay&quot;:&quot;true&quot;,&quot;pause&quot;:5000,&quot;progressBar&quot;:&quot;true&quot;,&quot;counter&quot;:&quot;true&quot;,&quot;controls&quot;:&quot;true&quot;,&quot;getCaptionFromTitleOrAlt&quot;:&quot;true&quot;,&quot;thumbnail&quot;:&quot;&quot;,&quot;showThumbByDefault&quot;:&quot;&quot;,&quot;share&quot;:&quot;&quot;,&quot;zoom&quot;:&quot;true&quot;,&quot;fullScreen&quot;:&quot;true&quot;,&quot;download&quot;:&quot;true&quot;}}\" data-advanced-filters=\"no\" data-found-posts = 19><article class=\"wpr-grid-item elementor-clearfix post-2068 product type-product status-publish has-post-thumbnail product_cat-yuca first instock shipping-taxable product-type-simple\"><div class=\"wpr-grid-item-inner\"><div class=\"wpr-grid-media-wrap wpr-effect-size-medium \" data-overlay-link=\"yes\"><div class=\"wpr-grid-image-wrap\" data-src=\"https:\/\/alzugroup.com\/wp-content\/uploads\/2024\/10\/Productos-Tumbis-Sitio-web_500grs-YucaHabanero-01.png\"  data-img-on-hover=\"\" data-src-secondary=\"\"><img decoding=\"async\" src=\"https:\/\/alzugroup.com\/wp-content\/uploads\/2024\/10\/Productos-Tumbis-Sitio-web_500grs-YucaHabanero-01.png\" alt=\"Yuca Habanero Tumbis 500g\" class=\"wpr-anim-timing-ease-default\"><\/div><div class=\"wpr-grid-media-hover wpr-animation-wrap\"><div class=\"wpr-grid-media-hover-bg  wpr-overlay-fade-in wpr-anim-size-large wpr-anim-timing-ease-default wpr-anim-transparency\" data-url=\"https:\/\/alzugroup.com\/es\/producto\/yuca-habanero-tumbis-500g\/\"><\/div><div class=\"wpr-cv-container\"><div class=\"wpr-cv-outer\"><div class=\"wpr-cv-inner\"><div class=\"wpr-grid-media-hover-middle elementor-clearfix\"><div class=\"wpr-grid-item-status elementor-repeater-item-ec62b08 wpr-grid-item-display-block wpr-grid-item-align-middle wpr-element-fade-in wpr-anim-size-large wpr-anim-timing-ease-default wpr-anim-transparency\"><div class=\"inner-block\"><\/div><\/div><\/div><\/div><\/div><\/div><\/div><\/div><div class=\"wpr-grid-item-below-content elementor-clearfix\"><h2 class=\"wpr-grid-item-title elementor-repeater-item-c901468 wpr-grid-item-display-block wpr-grid-item-align-left wpr-pointer-none wpr-pointer-line-fx wpr-pointer-fx-fade\"><div class=\"inner-block\"><a target=\"_self\"   href=\"https:\/\/alzugroup.com\/es\/producto\/yuca-habanero-tumbis-500g\/\">Yuca Habanero Tumbis 500g<\/a><\/div><\/h2><div class=\"wpr-grid-item-price elementor-repeater-item-01e0991 wpr-grid-item-display-block wpr-grid-item-align-left\"><div class=\"inner-block\"><span><\/span><\/div><\/div><\/div><\/div><\/article><article class=\"wpr-grid-item elementor-clearfix post-1981 product type-product status-publish has-post-thumbnail product_cat-platanos  instock shipping-taxable product-type-simple\"><div class=\"wpr-grid-item-inner\"><div class=\"wpr-grid-media-wrap wpr-effect-size-medium \" data-overlay-link=\"yes\"><div class=\"wpr-grid-image-wrap\" data-src=\"https:\/\/alzugroup.com\/wp-content\/uploads\/2024\/10\/Productos-Tumbis-Sitio-web_350grs-Maduro-01.png\"  data-img-on-hover=\"\" data-src-secondary=\"\"><img decoding=\"async\" src=\"https:\/\/alzugroup.com\/wp-content\/uploads\/2024\/10\/Productos-Tumbis-Sitio-web_350grs-Maduro-01.png\" alt=\"Pl\u00e1tano Maduro Tumbis 350g\" class=\"wpr-anim-timing-ease-default\"><\/div><div class=\"wpr-grid-media-hover wpr-animation-wrap\"><div class=\"wpr-grid-media-hover-bg  wpr-overlay-fade-in wpr-anim-size-large wpr-anim-timing-ease-default wpr-anim-transparency\" data-url=\"https:\/\/alzugroup.com\/es\/producto\/platano-maduro-tumbis-350gr\/\"><\/div><div class=\"wpr-cv-container\"><div class=\"wpr-cv-outer\"><div class=\"wpr-cv-inner\"><div class=\"wpr-grid-media-hover-middle elementor-clearfix\"><div class=\"wpr-grid-item-status elementor-repeater-item-ec62b08 wpr-grid-item-display-block wpr-grid-item-align-middle wpr-element-fade-in wpr-anim-size-large wpr-anim-timing-ease-default wpr-anim-transparency\"><div class=\"inner-block\"><\/div><\/div><\/div><\/div><\/div><\/div><\/div><\/div><div class=\"wpr-grid-item-below-content elementor-clearfix\"><h2 class=\"wpr-grid-item-title elementor-repeater-item-c901468 wpr-grid-item-display-block wpr-grid-item-align-left wpr-pointer-none wpr-pointer-line-fx wpr-pointer-fx-fade\"><div class=\"inner-block\"><a target=\"_self\"   href=\"https:\/\/alzugroup.com\/es\/producto\/platano-maduro-tumbis-350gr\/\">Pl\u00e1tano Maduro Tumbis 350g<\/a><\/div><\/h2><div class=\"wpr-grid-item-price elementor-repeater-item-01e0991 wpr-grid-item-display-block wpr-grid-item-align-left\"><div class=\"inner-block\"><span><\/span><\/div><\/div><\/div><\/div><\/article><article class=\"wpr-grid-item elementor-clearfix post-2009 product type-product status-publish has-post-thumbnail product_cat-platanos  instock shipping-taxable product-type-simple\"><div class=\"wpr-grid-item-inner\"><div class=\"wpr-grid-media-wrap wpr-effect-size-medium \" data-overlay-link=\"yes\"><div class=\"wpr-grid-image-wrap\" data-src=\"https:\/\/alzugroup.com\/wp-content\/uploads\/2024\/10\/Productos-Tumbis-Sitio-web_350grs-Sal-01.png\"  data-img-on-hover=\"\" data-src-secondary=\"\"><img decoding=\"async\" src=\"https:\/\/alzugroup.com\/wp-content\/uploads\/2024\/10\/Productos-Tumbis-Sitio-web_350grs-Sal-01.png\" alt=\"Pl\u00e1tano Tumbis Sal 350g\" class=\"wpr-anim-timing-ease-default\"><\/div><div class=\"wpr-grid-media-hover wpr-animation-wrap\"><div class=\"wpr-grid-media-hover-bg  wpr-overlay-fade-in wpr-anim-size-large wpr-anim-timing-ease-default wpr-anim-transparency\" data-url=\"https:\/\/alzugroup.com\/es\/producto\/platano-tumbis-sal-350g\/\"><\/div><div class=\"wpr-cv-container\"><div class=\"wpr-cv-outer\"><div class=\"wpr-cv-inner\"><div class=\"wpr-grid-media-hover-middle elementor-clearfix\"><div class=\"wpr-grid-item-status elementor-repeater-item-ec62b08 wpr-grid-item-display-block wpr-grid-item-align-middle wpr-element-fade-in wpr-anim-size-large wpr-anim-timing-ease-default wpr-anim-transparency\"><div class=\"inner-block\"><\/div><\/div><\/div><\/div><\/div><\/div><\/div><\/div><div class=\"wpr-grid-item-below-content elementor-clearfix\"><h2 class=\"wpr-grid-item-title elementor-repeater-item-c901468 wpr-grid-item-display-block wpr-grid-item-align-left wpr-pointer-none wpr-pointer-line-fx wpr-pointer-fx-fade\"><div class=\"inner-block\"><a target=\"_self\"   href=\"https:\/\/alzugroup.com\/es\/producto\/platano-tumbis-sal-350g\/\">Pl\u00e1tano Tumbis Sal 350g<\/a><\/div><\/h2><div class=\"wpr-grid-item-price elementor-repeater-item-01e0991 wpr-grid-item-display-block wpr-grid-item-align-left\"><div class=\"inner-block\"><span><\/span><\/div><\/div><\/div><\/div><\/article><article class=\"wpr-grid-item elementor-clearfix post-1999 product type-product status-publish has-post-thumbnail product_cat-platanos last instock shipping-taxable product-type-simple\"><div class=\"wpr-grid-item-inner\"><div class=\"wpr-grid-media-wrap wpr-effect-size-medium \" data-overlay-link=\"yes\"><div class=\"wpr-grid-image-wrap\" data-src=\"https:\/\/alzugroup.com\/wp-content\/uploads\/2024\/10\/Productos-Tumbis-Sitio-web_340grs-Limon-01.png\"  data-img-on-hover=\"\" data-src-secondary=\"\"><img decoding=\"async\" src=\"https:\/\/alzugroup.com\/wp-content\/uploads\/2024\/10\/Productos-Tumbis-Sitio-web_340grs-Limon-01.png\" alt=\"Pl\u00e1tano Tumbis Lim\u00f3n y Sal 340g\" class=\"wpr-anim-timing-ease-default\"><\/div><div class=\"wpr-grid-media-hover wpr-animation-wrap\"><div class=\"wpr-grid-media-hover-bg  wpr-overlay-fade-in wpr-anim-size-large wpr-anim-timing-ease-default wpr-anim-transparency\" data-url=\"https:\/\/alzugroup.com\/es\/producto\/platano-tumbis-limon-y-sal-340g\/\"><\/div><div class=\"wpr-cv-container\"><div class=\"wpr-cv-outer\"><div class=\"wpr-cv-inner\"><div class=\"wpr-grid-media-hover-middle elementor-clearfix\"><div class=\"wpr-grid-item-status elementor-repeater-item-ec62b08 wpr-grid-item-display-block wpr-grid-item-align-middle wpr-element-fade-in wpr-anim-size-large wpr-anim-timing-ease-default wpr-anim-transparency\"><div class=\"inner-block\"><\/div><\/div><\/div><\/div><\/div><\/div><\/div><\/div><div class=\"wpr-grid-item-below-content elementor-clearfix\"><h2 class=\"wpr-grid-item-title elementor-repeater-item-c901468 wpr-grid-item-display-block wpr-grid-item-align-left wpr-pointer-none wpr-pointer-line-fx wpr-pointer-fx-fade\"><div class=\"inner-block\"><a target=\"_self\"   href=\"https:\/\/alzugroup.com\/es\/producto\/platano-tumbis-limon-y-sal-340g\/\">Pl\u00e1tano Tumbis Lim\u00f3n y Sal 340g<\/a><\/div><\/h2><div class=\"wpr-grid-item-price elementor-repeater-item-01e0991 wpr-grid-item-display-block wpr-grid-item-align-left\"><div class=\"inner-block\"><span><\/span><\/div><\/div><\/div><\/div><\/article><article class=\"wpr-grid-item elementor-clearfix post-2073 product type-product status-publish has-post-thumbnail product_cat-yuca first instock shipping-taxable product-type-simple\"><div class=\"wpr-grid-item-inner\"><div class=\"wpr-grid-media-wrap wpr-effect-size-medium \" data-overlay-link=\"yes\"><div class=\"wpr-grid-image-wrap\" data-src=\"https:\/\/alzugroup.com\/wp-content\/uploads\/2024\/10\/Productos-Tumbis-Sitio-web_350grs-Yuca-01.png\"  data-img-on-hover=\"\" data-src-secondary=\"\"><img decoding=\"async\" src=\"https:\/\/alzugroup.com\/wp-content\/uploads\/2024\/10\/Productos-Tumbis-Sitio-web_350grs-Yuca-01.png\" alt=\"Yuca Tumbis Sal 350g\" class=\"wpr-anim-timing-ease-default\"><\/div><div class=\"wpr-grid-media-hover wpr-animation-wrap\"><div class=\"wpr-grid-media-hover-bg  wpr-overlay-fade-in wpr-anim-size-large wpr-anim-timing-ease-default wpr-anim-transparency\" data-url=\"https:\/\/alzugroup.com\/es\/producto\/yuca-tumbis-sal-350g\/\"><\/div><div class=\"wpr-cv-container\"><div class=\"wpr-cv-outer\"><div class=\"wpr-cv-inner\"><div class=\"wpr-grid-media-hover-middle elementor-clearfix\"><div class=\"wpr-grid-item-status elementor-repeater-item-ec62b08 wpr-grid-item-display-block wpr-grid-item-align-middle wpr-element-fade-in wpr-anim-size-large wpr-anim-timing-ease-default wpr-anim-transparency\"><div class=\"inner-block\"><\/div><\/div><\/div><\/div><\/div><\/div><\/div><\/div><div class=\"wpr-grid-item-below-content elementor-clearfix\"><h2 class=\"wpr-grid-item-title elementor-repeater-item-c901468 wpr-grid-item-display-block wpr-grid-item-align-left wpr-pointer-none wpr-pointer-line-fx wpr-pointer-fx-fade\"><div class=\"inner-block\"><a target=\"_self\"   href=\"https:\/\/alzugroup.com\/es\/producto\/yuca-tumbis-sal-350g\/\">Yuca Tumbis Sal 350g<\/a><\/div><\/h2><div class=\"wpr-grid-item-price elementor-repeater-item-01e0991 wpr-grid-item-display-block wpr-grid-item-align-left\"><div class=\"inner-block\"><span><\/span><\/div><\/div><\/div><\/div><\/article><article class=\"wpr-grid-item elementor-clearfix post-1970 product type-product status-publish has-post-thumbnail product_cat-malanga product_cat-platanos product_cat-yuca  instock shipping-taxable product-type-simple\"><div class=\"wpr-grid-item-inner\"><div class=\"wpr-grid-media-wrap wpr-effect-size-medium \" data-overlay-link=\"yes\"><div class=\"wpr-grid-image-wrap\" data-src=\"https:\/\/alzugroup.com\/wp-content\/uploads\/2024\/10\/Productos-Tumbis-Sitio-web_340grs-Natumix-01.png\"  data-img-on-hover=\"\" data-src-secondary=\"\"><img decoding=\"async\" src=\"https:\/\/alzugroup.com\/wp-content\/uploads\/2024\/10\/Productos-Tumbis-Sitio-web_340grs-Natumix-01.png\" alt=\"Natumix Tumbis 340g\" class=\"wpr-anim-timing-ease-default\"><\/div><div class=\"wpr-grid-media-hover wpr-animation-wrap\"><div class=\"wpr-grid-media-hover-bg  wpr-overlay-fade-in wpr-anim-size-large wpr-anim-timing-ease-default wpr-anim-transparency\" data-url=\"https:\/\/alzugroup.com\/es\/producto\/natumix-tumbis-340gr\/\"><\/div><div class=\"wpr-cv-container\"><div class=\"wpr-cv-outer\"><div class=\"wpr-cv-inner\"><div class=\"wpr-grid-media-hover-middle elementor-clearfix\"><div class=\"wpr-grid-item-status elementor-repeater-item-ec62b08 wpr-grid-item-display-block wpr-grid-item-align-middle wpr-element-fade-in wpr-anim-size-large wpr-anim-timing-ease-default wpr-anim-transparency\"><div class=\"inner-block\"><\/div><\/div><\/div><\/div><\/div><\/div><\/div><\/div><div class=\"wpr-grid-item-below-content elementor-clearfix\"><h2 class=\"wpr-grid-item-title elementor-repeater-item-c901468 wpr-grid-item-display-block wpr-grid-item-align-left wpr-pointer-none wpr-pointer-line-fx wpr-pointer-fx-fade\"><div class=\"inner-block\"><a target=\"_self\"   href=\"https:\/\/alzugroup.com\/es\/producto\/natumix-tumbis-340gr\/\">Natumix Tumbis 340g<\/a><\/div><\/h2><div class=\"wpr-grid-item-price elementor-repeater-item-01e0991 wpr-grid-item-display-block wpr-grid-item-align-left\"><div class=\"inner-block\"><span><\/span><\/div><\/div><\/div><\/div><\/article><article class=\"wpr-grid-item elementor-clearfix post-929 product type-product status-publish has-post-thumbnail product_cat-platanos product_tag-platanitos  instock shipping-taxable product-type-simple\"><div class=\"wpr-grid-item-inner\"><div class=\"wpr-grid-media-wrap wpr-effect-size-medium \" data-overlay-link=\"yes\"><div class=\"wpr-grid-image-wrap\" data-src=\"https:\/\/alzugroup.com\/wp-content\/uploads\/2024\/10\/Productos-Tumbis-Sitio-web_180grs-Maduro-01.png\"  data-img-on-hover=\"\" data-src-secondary=\"\"><img decoding=\"async\" src=\"https:\/\/alzugroup.com\/wp-content\/uploads\/2024\/10\/Productos-Tumbis-Sitio-web_180grs-Maduro-01.png\" alt=\"Platano Maduro Tumbis 180g\" class=\"wpr-anim-timing-ease-default\"><\/div><div class=\"wpr-grid-media-hover wpr-animation-wrap\"><div class=\"wpr-grid-media-hover-bg  wpr-overlay-fade-in wpr-anim-size-large wpr-anim-timing-ease-default wpr-anim-transparency\" data-url=\"https:\/\/alzugroup.com\/es\/producto\/platano-maduro-tumbis\/\"><\/div><div class=\"wpr-cv-container\"><div class=\"wpr-cv-outer\"><div class=\"wpr-cv-inner\"><div class=\"wpr-grid-media-hover-middle elementor-clearfix\"><div class=\"wpr-grid-item-status elementor-repeater-item-ec62b08 wpr-grid-item-display-block wpr-grid-item-align-middle wpr-element-fade-in wpr-anim-size-large wpr-anim-timing-ease-default wpr-anim-transparency\"><div class=\"inner-block\"><\/div><\/div><\/div><\/div><\/div><\/div><\/div><\/div><div class=\"wpr-grid-item-below-content elementor-clearfix\"><h2 class=\"wpr-grid-item-title elementor-repeater-item-c901468 wpr-grid-item-display-block wpr-grid-item-align-left wpr-pointer-none wpr-pointer-line-fx wpr-pointer-fx-fade\"><div class=\"inner-block\"><a target=\"_self\"   href=\"https:\/\/alzugroup.com\/es\/producto\/platano-maduro-tumbis\/\">Platano Maduro Tumbis 180g<\/a><\/div><\/h2><div class=\"wpr-grid-item-price elementor-repeater-item-01e0991 wpr-grid-item-display-block wpr-grid-item-align-left\"><div class=\"inner-block\"><span><\/span><\/div><\/div><\/div><\/div><\/article><article class=\"wpr-grid-item elementor-clearfix post-1751 product type-product status-publish has-post-thumbnail product_cat-platanos last instock shipping-taxable product-type-simple\"><div class=\"wpr-grid-item-inner\"><div class=\"wpr-grid-media-wrap wpr-effect-size-medium \" data-overlay-link=\"yes\"><div class=\"wpr-grid-image-wrap\" data-src=\"https:\/\/alzugroup.com\/wp-content\/uploads\/2024\/10\/Productos-Tumbis-Sitio-web_180grs-Sal-01.png\"  data-img-on-hover=\"\" data-src-secondary=\"\"><img decoding=\"async\" src=\"https:\/\/alzugroup.com\/wp-content\/uploads\/2024\/10\/Productos-Tumbis-Sitio-web_180grs-Sal-01.png\" alt=\"Pl\u00e1tano Verde Tumbis Sal 180g\" class=\"wpr-anim-timing-ease-default\"><\/div><div class=\"wpr-grid-media-hover wpr-animation-wrap\"><div class=\"wpr-grid-media-hover-bg  wpr-overlay-fade-in wpr-anim-size-large wpr-anim-timing-ease-default wpr-anim-transparency\" data-url=\"https:\/\/alzugroup.com\/es\/producto\/platano-verde-tumbis-sal\/\"><\/div><div class=\"wpr-cv-container\"><div class=\"wpr-cv-outer\"><div class=\"wpr-cv-inner\"><div class=\"wpr-grid-media-hover-middle elementor-clearfix\"><div class=\"wpr-grid-item-status elementor-repeater-item-ec62b08 wpr-grid-item-display-block wpr-grid-item-align-middle wpr-element-fade-in wpr-anim-size-large wpr-anim-timing-ease-default wpr-anim-transparency\"><div class=\"inner-block\"><\/div><\/div><\/div><\/div><\/div><\/div><\/div><\/div><div class=\"wpr-grid-item-below-content elementor-clearfix\"><h2 class=\"wpr-grid-item-title elementor-repeater-item-c901468 wpr-grid-item-display-block wpr-grid-item-align-left wpr-pointer-none wpr-pointer-line-fx wpr-pointer-fx-fade\"><div class=\"inner-block\"><a target=\"_self\"   href=\"https:\/\/alzugroup.com\/es\/producto\/platano-verde-tumbis-sal\/\">Pl\u00e1tano Verde Tumbis Sal 180g<\/a><\/div><\/h2><div class=\"wpr-grid-item-price elementor-repeater-item-01e0991 wpr-grid-item-display-block wpr-grid-item-align-left\"><div class=\"inner-block\"><span><\/span><\/div><\/div><\/div><\/div><\/article><article class=\"wpr-grid-item elementor-clearfix post-1872 product type-product status-publish has-post-thumbnail product_cat-yuca first instock shipping-taxable product-type-simple\"><div class=\"wpr-grid-item-inner\"><div class=\"wpr-grid-media-wrap wpr-effect-size-medium \" data-overlay-link=\"yes\"><div class=\"wpr-grid-image-wrap\" data-src=\"https:\/\/alzugroup.com\/wp-content\/uploads\/2024\/10\/dBE1mnNX.png\"  data-img-on-hover=\"\" data-src-secondary=\"\"><img decoding=\"async\" src=\"https:\/\/alzugroup.com\/wp-content\/uploads\/2024\/10\/dBE1mnNX.png\" alt=\"Yuca Tumbis Sal 180g\" class=\"wpr-anim-timing-ease-default\"><\/div><div class=\"wpr-grid-media-hover wpr-animation-wrap\"><div class=\"wpr-grid-media-hover-bg  wpr-overlay-fade-in wpr-anim-size-large wpr-anim-timing-ease-default wpr-anim-transparency\" data-url=\"https:\/\/alzugroup.com\/es\/producto\/yuca-tumbis-sal\/\"><\/div><div class=\"wpr-cv-container\"><div class=\"wpr-cv-outer\"><div class=\"wpr-cv-inner\"><div class=\"wpr-grid-media-hover-middle elementor-clearfix\"><div class=\"wpr-grid-item-status elementor-repeater-item-ec62b08 wpr-grid-item-display-block wpr-grid-item-align-middle wpr-element-fade-in wpr-anim-size-large wpr-anim-timing-ease-default wpr-anim-transparency\"><div class=\"inner-block\"><\/div><\/div><\/div><\/div><\/div><\/div><\/div><\/div><div class=\"wpr-grid-item-below-content elementor-clearfix\"><h2 class=\"wpr-grid-item-title elementor-repeater-item-c901468 wpr-grid-item-display-block wpr-grid-item-align-left wpr-pointer-none wpr-pointer-line-fx wpr-pointer-fx-fade\"><div class=\"inner-block\"><a target=\"_self\"   href=\"https:\/\/alzugroup.com\/es\/producto\/yuca-tumbis-sal\/\">Yuca Tumbis Sal 180g<\/a><\/div><\/h2><div class=\"wpr-grid-item-price elementor-repeater-item-01e0991 wpr-grid-item-display-block wpr-grid-item-align-left\"><div class=\"inner-block\"><span><\/span><\/div><\/div><\/div><\/div><\/article><\/section><div class=\"wpr-grid-pagination elementor-clearfix wpr-grid-pagination-load-more\" data-pages=\"3\"><a href=\"https:\/\/alzugroup.com\/es\/wp-json\/wp\/v2\/pages\/1883\/page\/2\/\" class=\"wpr-load-more-btn\" data-e-disable-page-transition>V\u00e9r mas<\/a><div class=\"wpr-pagination-loading\"><div class=\"wpr-double-bounce\"><div class=\"wpr-child wpr-double-bounce1\"><\/div><div class=\"wpr-child wpr-double-bounce2\"><\/div><\/div><\/div><p class=\"wpr-pagination-finish\">End of Content.<\/p><\/div>\t\t\t\t<\/div>\n\t\t\t\t<\/div>\n\t\t\t\t\t<\/div>\n\t\t\t\t<\/div>\n\t\t\t\t<\/div>\n\t\t","protected":false},"excerpt":{"rendered":"<p>Todos Malanga Pl\u00e1tanos yuca Yuca Tumbis Sal 34g Yuca Tumbis BBQ 34g Pl\u00e1tano Tumbis Sal 34g Pl\u00e1tano Tumbis Lim\u00f3n y Sal 34g Pl\u00e1tano Maduro Tumbis 34g Malanga Tumbis 71gr Pl\u00e1tano Tumbis Lim\u00f3n y Sal 71g Pl\u00e1tano Tumbis Sal 71g Pl\u00e1tano Maduro Tumbis 71gr V\u00e9r mas End of Content.<\/p>","protected":false},"author":1,"featured_media":0,"parent":0,"menu_order":0,"comment_status":"closed","ping_status":"closed","template":"elementor_canvas","meta":{"footnotes":""},"class_list":["post-1883","page","type-page","status-publish","hentry"],"_links":{"self":[{"href":"https:\/\/alzugroup.com\/es\/wp-json\/wp\/v2\/pages\/1883","targetHints":{"allow":["GET"]}}],"collection":[{"href":"https:\/\/alzugroup.com\/es\/wp-json\/wp\/v2\/pages"}],"about":[{"href":"https:\/\/alzugroup.com\/es\/wp-json\/wp\/v2\/types\/page"}],"author":[{"embeddable":true,"href":"https:\/\/alzugroup.com\/es\/wp-json\/wp\/v2\/users\/1"}],"replies":[{"embeddable":true,"href":"https:\/\/alzugroup.com\/es\/wp-json\/wp\/v2\/comments?post=1883"}],"version-history":[{"count":39,"href":"https:\/\/alzugroup.com\/es\/wp-json\/wp\/v2\/pages\/1883\/revisions"}],"predecessor-version":[{"id":2140,"href":"https:\/\/alzugroup.com\/es\/wp-json\/wp\/v2\/pages\/1883\/revisions\/2140"}],"wp:attachment":[{"href":"https:\/\/alzugroup.com\/es\/wp-json\/wp\/v2\/media?parent=1883"}],"curies":[{"name":"wp","href":"https:\/\/api.w.org\/{rel}","templated":true}]}}